{"id":293,"date":"2019-03-18T22:29:12","date_gmt":"2019-03-18T21:29:12","guid":{"rendered":"https:\/\/alejandrarojascontreras.cl\/english\/?page_id=293"},"modified":"2022-03-16T17:10:18","modified_gmt":"2022-03-16T16:10:18","slug":"writings","status":"publish","type":"page","link":"https:\/\/alejandrarojascontreras.cl\/english\/writings\/","title":{"rendered":"Writings"},"content":{"rendered":"<section class=\"wpb-content-wrapper\"><p>[vc_row bg_type=\u00bbbg_color\u00bb bg_override=\u00bbex-full\u00bb bg_color_value=\u00bb#ffffff\u00bb][vc_column]<div class=\"ult-animation  ult-animate-viewport  ult-no-mobile \" data-animate=\"fadeInUp\" data-animation-delay=\"0.3\" data-animation-duration=\"1\" data-animation-iteration=\"1\" style=\"opacity:0;\" data-opacity_start_effect=\"\"><div class=\"ult-spacer spacer-69dff63be6aec\" data-id=\"69dff63be6aec\" data-height=\"20\" data-height-mobile=\"20\" data-height-tab=\"\" data-height-tab-portrait=\"\" data-height-mobile-landscape=\"20\" style=\"clear:both;display:block;\"><\/div>[vc_custom_heading source=\u00bbpost_title\u00bb font_container=\u00bbtag:h2|text_align:center\u00bb use_theme_fonts=\u00bbyes\u00bb][vc_empty_space height=\u00bb10px\u00bb][vc_custom_heading text=\u00bbSome articles written for ARTISHOCK,<br \/>\nMagazine of Contemporary Art.\u00bb font_container=\u00bbtag:p|font_size:18px|text_align:center\u00bb use_theme_fonts=\u00bbyes\u00bb]<\/div>[\/vc_column][\/vc_row][vc_row][vc_column width=\u00bb1\/3&#8243;]<div class=\"ult-spacer spacer-69dff63be6b06\" data-id=\"69dff63be6b06\" data-height=\"25\" data-height-mobile=\"40\" data-height-tab=\"\" data-height-tab-portrait=\"\" data-height-mobile-landscape=\"40\" style=\"clear:both;display:block;\"><\/div>[vc_hoverbox image=\u00bb346&#8243; primary_title=\u00bb\u00bb hover_title=\u00bb\u00bb shape=\u00bbsquare\u00bb hover_background_color=\u00bbcustom\u00bb hover_btn_title=\u00bbVIEW MORE\u00bb hover_btn_style=\u00bboutline\u00bb hover_btn_shape=\u00bbsquare\u00bb hover_btn_color=\u00bbwhite\u00bb hover_btn_size=\u00bbsm\u00bb hover_btn_i_align=\u00bbright\u00bb hover_btn_i_icon_fontawesome=\u00bbfas fa-long-arrow-alt-right\u00bb hover_add_button=\u00bbtrue\u00bb hover_btn_add_icon=\u00bbtrue\u00bb hover_custom_background=\u00bbrgba(151,131,122,0.38)\u00bb hover_btn_link=\u00bburl:https%3A%2F%2Fartishockrevista.com%2F2020%2F08%2F26%2Fcolour-reference-library-londres%2F|target:_blank\u00bb][\/vc_hoverbox][vc_custom_heading text=\u00bbUNA VISITA A LA BIBLIOTECA DEL COLOR DE LONDRES\u00bb font_container=\u00bbtag:h5|text_align:left\u00bb use_theme_fonts=\u00bbyes\u00bb link=\u00bburl:https%3A%2F%2Fartishockrevista.com%2F2020%2F08%2F26%2Fcolour-reference-library-londres%2F|target:_blank\u00bb][vc_column_text]<\/p>\n<h6><em>Por <span class=\"author vcard\">Alejandra Rojas Contreras<\/span> | <span class=\"published\">Ago 26, 2020 | <a href=\"http:\/\/artishockrevista.com\/2018\/04\/26\/alicia-vega-educacion-cine-infancia-macchina\/\" target=\"_blank\" rel=\"noopener noreferrer\">Artishock<\/a><\/span><\/em><\/h6>\n<p>[\/vc_column_text]<div class=\"ult-spacer spacer-69dff63be6b13\" data-id=\"69dff63be6b13\" data-height=\"25\" data-height-mobile=\"40\" data-height-tab=\"\" data-height-tab-portrait=\"\" data-height-mobile-landscape=\"40\" style=\"clear:both;display:block;\"><\/div>[\/vc_column][vc_column width=\u00bb1\/3&#8243;]<div class=\"ult-spacer spacer-69dff63be6b1e\" data-id=\"69dff63be6b1e\" data-height=\"25\" data-height-mobile=\"40\" data-height-tab=\"\" data-height-tab-portrait=\"\" data-height-mobile-landscape=\"40\" style=\"clear:both;display:block;\"><\/div>[vc_hoverbox image=\u00bb343&#8243; primary_title=\u00bb\u00bb hover_title=\u00bb\u00bb shape=\u00bbsquare\u00bb hover_background_color=\u00bbcustom\u00bb hover_btn_title=\u00bbVIEW MORE\u00bb hover_btn_style=\u00bboutline\u00bb hover_btn_shape=\u00bbsquare\u00bb hover_btn_color=\u00bbwhite\u00bb hover_btn_size=\u00bbsm\u00bb hover_btn_i_align=\u00bbright\u00bb hover_btn_i_icon_fontawesome=\u00bbfa fa-long-arrow-right\u00bb hover_add_button=\u00bbtrue\u00bb hover_btn_add_icon=\u00bbtrue\u00bb hover_custom_background=\u00bbrgba(151,131,122,0.38)\u00bb hover_btn_link=\u00bburl:http%3A%2F%2Fartishockrevista.com%2F2019%2F05%2F04%2Fmonica-hoff-entrevista-arte-educacion%2F||target:%20_blank|\u00bb][\/vc_hoverbox][vc_custom_heading text=\u00bbM\u00d4NICA HOFF SOBRE ARTE Y EDUCACI\u00d3N: EXPERIENCIAS COMUNITARIAS\u00bb font_container=\u00bbtag:h5|text_align:left|color:__USE_THEME_MAIN_COLOR__\u00bb use_theme_fonts=\u00bbyes\u00bb link=\u00bburl:http%3A%2F%2Fartishockrevista.com%2F2019%2F05%2F04%2Fmonica-hoff-entrevista-arte-educacion%2F||target:%20_blank|\u00bb][vc_column_text]<\/p>\n<h6><em>Por <span class=\"author vcard\">Alejandra Rojas Contreras<\/span> | May<span class=\"published\">\u00a04, 2019 | <a href=\"http:\/\/artishockrevista.com\/2018\/09\/24\/educacion-artistica-insea-chile\/\" target=\"_blank\" rel=\"noopener noreferrer\">Artishock<\/a><\/span><\/em><\/h6>\n<p>[\/vc_column_text]<div class=\"ult-spacer spacer-69dff63be6b28\" data-id=\"69dff63be6b28\" data-height=\"25\" data-height-mobile=\"40\" data-height-tab=\"\" data-height-tab-portrait=\"\" data-height-mobile-landscape=\"40\" style=\"clear:both;display:block;\"><\/div>[\/vc_column][vc_column width=\u00bb1\/3&#8243;]<div class=\"ult-spacer spacer-69dff63be6b32\" data-id=\"69dff63be6b32\" data-height=\"25\" data-height-mobile=\"40\" data-height-tab=\"\" data-height-tab-portrait=\"\" data-height-mobile-landscape=\"40\" style=\"clear:both;display:block;\"><\/div>[vc_hoverbox image=\u00bb299&#8243; primary_title=\u00bb\u00bb hover_title=\u00bb\u00bb shape=\u00bbsquare\u00bb hover_background_color=\u00bbcustom\u00bb hover_btn_title=\u00bbVIEW MORE\u00bb hover_btn_style=\u00bboutline\u00bb hover_btn_shape=\u00bbsquare\u00bb hover_btn_color=\u00bbwhite\u00bb hover_btn_size=\u00bbsm\u00bb hover_btn_i_align=\u00bbright\u00bb hover_btn_i_icon_fontawesome=\u00bbfa fa-long-arrow-right\u00bb hover_add_button=\u00bbtrue\u00bb hover_btn_add_icon=\u00bbtrue\u00bb hover_custom_background=\u00bbrgba(151,131,122,0.38)\u00bb hover_btn_link=\u00bburl:http%3A%2F%2Fartishockrevista.com%2F2018%2F09%2F24%2Feducacion-artistica-insea-chile%2F||target:%20_blank|\u00bb][\/vc_hoverbox][vc_custom_heading text=\u00bbCARTOGRAF\u00cdAS PARA LA EDUCACI\u00d3N ART\u00cdSTICA. SOBRE EL CONGRESO InSEA EN CHILE\u00bb font_container=\u00bbtag:h5|text_align:left|color:__USE_THEME_MAIN_COLOR__\u00bb use_theme_fonts=\u00bbyes\u00bb link=\u00bburl:http%3A%2F%2Fartishockrevista.com%2F2018%2F09%2F24%2Feducacion-artistica-insea-chile%2F||target:%20_blank|\u00bb][vc_column_text]<\/p>\n<h6><em>Por <span class=\"author vcard\">Alejandra Rojas Contreras<\/span> | <span class=\"published\">Sep 24, 2018 | <a href=\"http:\/\/artishockrevista.com\/2018\/09\/24\/educacion-artistica-insea-chile\/\" target=\"_blank\" rel=\"noopener noreferrer\">Artishock<\/a><\/span><\/em><\/h6>\n<p>[\/vc_column_text]<div class=\"ult-spacer spacer-69dff63be6b3b\" data-id=\"69dff63be6b3b\" data-height=\"25\" data-height-mobile=\"40\" data-height-tab=\"\" data-height-tab-portrait=\"\" data-height-mobile-landscape=\"40\" style=\"clear:both;display:block;\"><\/div>[\/vc_column][\/vc_row][vc_row][vc_column width=\u00bb1\/3&#8243;]<div class=\"ult-spacer spacer-69dff63be6b45\" data-id=\"69dff63be6b45\" data-height=\"25\" data-height-mobile=\"40\" data-height-tab=\"\" data-height-tab-portrait=\"\" data-height-mobile-landscape=\"40\" style=\"clear:both;display:block;\"><\/div>[vc_hoverbox image=\u00bb298&#8243; primary_title=\u00bb\u00bb hover_title=\u00bb\u00bb shape=\u00bbsquare\u00bb hover_background_color=\u00bbcustom\u00bb hover_btn_title=\u00bbVIEW MORE\u00bb hover_btn_style=\u00bboutline\u00bb hover_btn_shape=\u00bbsquare\u00bb hover_btn_color=\u00bbwhite\u00bb hover_btn_size=\u00bbsm\u00bb hover_btn_i_align=\u00bbright\u00bb hover_btn_i_icon_fontawesome=\u00bbfa fa-long-arrow-right\u00bb hover_add_button=\u00bbtrue\u00bb hover_btn_add_icon=\u00bbtrue\u00bb hover_custom_background=\u00bbrgba(151,131,122,0.38)\u00bb hover_btn_link=\u00bburl:http%3A%2F%2Fartishockrevista.com%2F2018%2F04%2F26%2Falicia-vega-educacion-cine-infancia-macchina%2F||target:%20_blank|\u00bb][\/vc_hoverbox][vc_custom_heading text=\u00bbEL LEGADO DE ALICIA VEGA. CINE, EDUCACI\u00d3N E INFANCIA\u00bb font_container=\u00bbtag:h5|text_align:left|color:__USE_THEME_MAIN_COLOR__\u00bb use_theme_fonts=\u00bbyes\u00bb link=\u00bburl:http%3A%2F%2Fartishockrevista.com%2F2018%2F04%2F26%2Falicia-vega-educacion-cine-infancia-macchina%2F||target:%20_blank|\u00bb][vc_column_text]<\/p>\n<h6><em>Por <span class=\"author vcard\">Alejandra Rojas Contreras<\/span> | <span class=\"published\">Abr 26, 2018 | <a href=\"http:\/\/artishockrevista.com\/2018\/04\/26\/alicia-vega-educacion-cine-infancia-macchina\/\" target=\"_blank\" rel=\"noopener noreferrer\">Artishock<\/a><\/span><\/em><\/h6>\n<p>[\/vc_column_text]<div class=\"ult-spacer spacer-69dff63be6b5c\" data-id=\"69dff63be6b5c\" data-height=\"25\" data-height-mobile=\"40\" data-height-tab=\"\" data-height-tab-portrait=\"\" data-height-mobile-landscape=\"40\" style=\"clear:both;display:block;\"><\/div>[\/vc_column][vc_column width=\u00bb1\/3&#8243;]<div class=\"ult-spacer spacer-69dff63be6b66\" data-id=\"69dff63be6b66\" data-height=\"25\" data-height-mobile=\"40\" data-height-tab=\"\" data-height-tab-portrait=\"\" data-height-mobile-landscape=\"40\" style=\"clear:both;display:block;\"><\/div>[vc_hoverbox image=\u00bb297&#8243; primary_title=\u00bb\u00bb hover_title=\u00bb\u00bb shape=\u00bbsquare\u00bb hover_background_color=\u00bbcustom\u00bb hover_btn_title=\u00bbVIEW MORE\u00bb hover_btn_style=\u00bboutline\u00bb hover_btn_shape=\u00bbsquare\u00bb hover_btn_color=\u00bbwhite\u00bb hover_btn_size=\u00bbsm\u00bb hover_btn_i_align=\u00bbright\u00bb hover_btn_i_icon_fontawesome=\u00bbfa fa-long-arrow-right\u00bb hover_add_button=\u00bbtrue\u00bb hover_btn_add_icon=\u00bbtrue\u00bb hover_custom_background=\u00bbrgba(151,131,122,0.38)\u00bb hover_btn_link=\u00bburl:http%3A%2F%2Fartishockrevista.com%2F2018%2F01%2F17%2Fgaudi-regalo-chile%2F||target:%20_blank|\u00bb][\/vc_hoverbox][vc_custom_heading text=\u00bbGAUD\u00cd Y SU REGALO PARA CHILE\u00bb font_container=\u00bbtag:h5|text_align:left|color:__USE_THEME_MAIN_COLOR__\u00bb use_theme_fonts=\u00bbyes\u00bb link=\u00bburl:http%3A%2F%2Fartishockrevista.com%2F2018%2F01%2F17%2Fgaudi-regalo-chile%2F||target:%20_blank|\u00bb][vc_column_text]<\/p>\n<h6><em>Por <span class=\"author vcard\">Alejandra Rojas Contreras<\/span> | <span class=\"published\">Ene 17, 2018 | <a href=\"http:\/\/artishockrevista.com\/2018\/01\/17\/gaudi-regalo-chile\/\" target=\"_blank\" rel=\"noopener noreferrer\">Artishock<\/a><\/span><\/em><\/h6>\n<p>[\/vc_column_text]<div class=\"ult-spacer spacer-69dff63be6b6d\" data-id=\"69dff63be6b6d\" data-height=\"25\" data-height-mobile=\"40\" data-height-tab=\"\" data-height-tab-portrait=\"\" data-height-mobile-landscape=\"40\" style=\"clear:both;display:block;\"><\/div>[\/vc_column][vc_column width=\u00bb1\/3&#8243;]<div class=\"ult-spacer spacer-69dff63be6b75\" data-id=\"69dff63be6b75\" data-height=\"25\" data-height-mobile=\"40\" data-height-tab=\"\" data-height-tab-portrait=\"\" data-height-mobile-landscape=\"40\" style=\"clear:both;display:block;\"><\/div>[vc_hoverbox image=\u00bb296&#8243; primary_title=\u00bb\u00bb hover_title=\u00bb\u00bb shape=\u00bbsquare\u00bb hover_background_color=\u00bbcustom\u00bb hover_btn_title=\u00bbVIEW MORE\u00bb hover_btn_style=\u00bboutline\u00bb hover_btn_shape=\u00bbsquare\u00bb hover_btn_color=\u00bbwhite\u00bb hover_btn_size=\u00bbsm\u00bb hover_btn_i_align=\u00bbright\u00bb hover_btn_i_icon_fontawesome=\u00bbfa fa-long-arrow-right\u00bb hover_add_button=\u00bbtrue\u00bb hover_btn_add_icon=\u00bbtrue\u00bb hover_custom_background=\u00bbrgba(151,131,122,0.38)\u00bb hover_btn_link=\u00bburl:http%3A%2F%2Fartishockrevista.com%2F2017%2F04%2F18%2Fdavid-batchelor-color-ciudad-cultura%2F||target:%20_blank|\u00bb][\/vc_hoverbox][vc_custom_heading text=\u00bbDAVID BATCHELOR. COLOR, CIUDAD Y CULTURA\u00bb font_container=\u00bbtag:h5|text_align:left|color:__USE_THEME_MAIN_COLOR__\u00bb use_theme_fonts=\u00bbyes\u00bb link=\u00bburl:http%3A%2F%2Fartishockrevista.com%2F2017%2F04%2F18%2Fdavid-batchelor-color-ciudad-cultura%2F||target:%20_blank|\u00bb][vc_column_text]<\/p>\n<h6><em>Por <span class=\"author vcard\">Alejandra Rojas Contreras<\/span> | <span class=\"published\">Abr 18, 2017 | <a href=\"http:\/\/artishockrevista.com\/2017\/04\/18\/david-batchelor-color-ciudad-cultura\/\" target=\"_blank\" rel=\"noopener noreferrer\">Artishock<\/a><\/span><\/em><\/h6>\n<p>[\/vc_column_text]<div class=\"ult-spacer spacer-69dff63be6b7c\" data-id=\"69dff63be6b7c\" data-height=\"25\" data-height-mobile=\"40\" data-height-tab=\"\" data-height-tab-portrait=\"\" data-height-mobile-landscape=\"40\" style=\"clear:both;display:block;\"><\/div>[\/vc_column][\/vc_row]<\/p>\n<\/section>","protected":false},"excerpt":{"rendered":"<p>[vc_row bg_type=\u00bbbg_color\u00bb bg_override=\u00bbex-full\u00bb bg_color_value=\u00bb#ffffff\u00bb][vc_column][\/vc_column][\/vc_row][vc_row][vc_column width=\u00bb1\/3&#8243;][vc_hoverbox image=\u00bb346&#8243; primary_title=\u00bb\u00bb hover_title=\u00bb\u00bb shape=\u00bbsquare\u00bb hover_background_color=\u00bbcustom\u00bb hover_btn_title=\u00bbVIEW MORE\u00bb hover_btn_style=\u00bboutline\u00bb hover_btn_shape=\u00bbsquare\u00bb hover_btn_color=\u00bbwhite\u00bb hover_btn_size=\u00bbsm\u00bb hover_btn_i_align=\u00bbright\u00bb hover_btn_i_icon_fontawesome=\u00bbfas fa-long-arrow-alt-right\u00bb hover_add_button=\u00bbtrue\u00bb hover_btn_add_icon=\u00bbtrue\u00bb hover_custom_background=\u00bbrgba(151,131,122,0.38)\u00bb hover_btn_link=\u00bburl:https%3A%2F%2Fartishockrevista.com%2F2020%2F08%2F26%2Fcolour-reference-library-londres%2F|target:_blank\u00bb][\/vc_hoverbox][vc_custom_heading text=\u00bbUNA VISITA A LA BIBLIOTECA DEL COLOR DE LONDRES\u00bb font_container=\u00bbtag:h5|text_align:left\u00bb use_theme_fonts=\u00bbyes\u00bb link=\u00bburl:https%3A%2F%2Fartishockrevista.com%2F2020%2F08%2F26%2Fcolour-reference-library-londres%2F|target:_blank\u00bb][vc_column_text] Por Alejandra Rojas Contreras | Ago 26, 2020 | Artishock [\/vc_column_text][\/vc_column][vc_column width=\u00bb1\/3&#8243;][vc_hoverbox image=\u00bb343&#8243; primary_title=\u00bb\u00bb hover_title=\u00bb\u00bb shape=\u00bbsquare\u00bb hover_background_color=\u00bbcustom\u00bb hover_btn_title=\u00bbVIEW MORE\u00bb hover_btn_style=\u00bboutline\u00bb [&hellip;]<\/p>\n","protected":false},"author":1,"featured_media":0,"parent":0,"menu_order":0,"comment_status":"closed","ping_status":"closed","template":"page.php","meta":[],"_links":{"self":[{"href":"https:\/\/alejandrarojascontreras.cl\/english\/wp-json\/wp\/v2\/pages\/293"}],"collection":[{"href":"https:\/\/alejandrarojascontreras.cl\/english\/wp-json\/wp\/v2\/pages"}],"about":[{"href":"https:\/\/alejandrarojascontreras.cl\/english\/wp-json\/wp\/v2\/types\/page"}],"author":[{"embeddable":true,"href":"https:\/\/alejandrarojascontreras.cl\/english\/wp-json\/wp\/v2\/users\/1"}],"replies":[{"embeddable":true,"href":"https:\/\/alejandrarojascontreras.cl\/english\/wp-json\/wp\/v2\/comments?post=293"}],"version-history":[{"count":7,"href":"https:\/\/alejandrarojascontreras.cl\/english\/wp-json\/wp\/v2\/pages\/293\/revisions"}],"predecessor-version":[{"id":388,"href":"https:\/\/alejandrarojascontreras.cl\/english\/wp-json\/wp\/v2\/pages\/293\/revisions\/388"}],"wp:attachment":[{"href":"https:\/\/alejandrarojascontreras.cl\/english\/wp-json\/wp\/v2\/media?parent=293"}],"curies":[{"name":"wp","href":"https:\/\/api.w.org\/{rel}","templated":true}]}}